{"id":47,"date":"2017-06-06T15:24:45","date_gmt":"2017-06-06T15:24:45","guid":{"rendered":"http:\/\/www.encontrariobranco.com.br\/noticias\/?page_id=47"},"modified":"2025-12-08T12:19:37","modified_gmt":"2025-12-08T12:19:37","slug":"sobre-rio-branco","status":"publish","type":"page","link":"https:\/\/www.encontrariobranco.com.br\/sobre\/","title":{"rendered":"Sobre Rio Branco"},"content":{"rendered":"<div class=\"66f3d795ee270a44b166899555c42efc\" data-index=\"1\" style=\"float: none; margin:0px;\">\n<!-- Anuncio display - global -->\r\n<ins class=\"adsbygoogle\"\r\n     style=\"display:block\"\r\n     data-ad-client=\"ca-pub-8585364105181520\"\r\n     data-ad-slot=\"8789329856\"\r\n     data-ad-format=\"auto\"\r\n     data-full-width-responsive=\"true\"><\/ins>\r\n<script>\r\n     (adsbygoogle = window.adsbygoogle || []).push({});\r\n<\/script>\n<\/div>\n<h2>Limites &#8211; Cidades Vizinhas<\/h2>\n<p>A <a href=\"https:\/\/rio-branco.prefeituras.org\/\" target=\"_blank\" rel=\"noopener\">prefeitura de Rio Branco<\/a>, diferente das demais prefeituras brasileiras, divide a cidade em 7 \u00e1reas urbanas, denominadas regionais.<br \/>\nCada regional possui peculiaridades, j\u00e1 que foram definidas com base em fatores socioecon\u00f4micos, comprendendo bairros e conjuntos com caracter\u00edsticas semelhantes. Elas s\u00e3o numeradas de I a VII, sendo que cinco delas se localizam no 1\u00ba distrito: II, III, IV, V, VI; e outras duas no 2\u00ba distrito: I, VII. As regionais s\u00e3o compostas por aproximadamente 110 bairros.<\/p>\n<h2>Pontos Tur\u00edsticos<\/h2>\n<p><img decoding=\"async\" src=\"https:\/\/www.encontrariobranco.com.br\/imgs\/imagens-rio-branco\/palacio-rio-branco.jpg\" alt=\"Est\u00e1dio de Rio Branco\" border=\"1px solid #000000\" \/><\/p>\n<p><strong>Destaque<\/strong><br \/>\n<strong>Pal\u00e1cio Rio Branco<\/strong><br \/>\n\u00c9 um dos mais famosos\u00a0pal\u00e1cios\u00a0de Rio Branco, constru\u00eddo em\u00a01930\u00a0para abrigar a sede do\u00a0governo\u00a0do estado. Em 2008 foi transformado em um museu, onde s\u00e3o expostos fatos importantes da hist\u00f3ria do estado desde os seus prim\u00f3rdios.<\/p>\n<h4>Dados Principais sobre Rio Branco<\/h4>\n<p><strong>Popula\u00e7\u00e3o<\/strong> 377.057 hab. (2016)<br \/>\n<strong>IDH<\/strong> 0,727 &#8211; alto<br \/>\n<strong>Clima<\/strong> equatorial<br \/>\n<strong>Densidade<\/strong> 38,37 hb\/km\u00b2<br \/>\n<a title=\"Cart\u00f3rios em Rio Branco\" href=\"https:\/\/www.cartoriosdobrasil.org\/cidade\/rio-branco\" target=\"_blank\" rel=\"noopener\"><strong>Cart\u00f3rios<\/strong> 15 unidades<\/a><\/p>\n<h2>Hist\u00f3ria Rio Branco<\/h2>\n<p><img decoding=\"async\" class=\"aligncenter wp-image-48 size-full\" src=\"https:\/\/www.encontrariobranco.com.br\/sobre\/wp-content\/uploads\/2017\/06\/vista-aerea-rio-branco.jpg\" alt=\"\" width=\"100%\" height=\"336\" srcset=\"https:\/\/www.encontrariobranco.com.br\/sobre\/wp-content\/uploads\/2017\/06\/vista-aerea-rio-branco.jpg 560w, https:\/\/www.encontrariobranco.com.br\/sobre\/wp-content\/uploads\/2017\/06\/vista-aerea-rio-branco-300x180.jpg 300w\" sizes=\"(max-width: 560px) 100vw, 560px\" \/><\/p>\n<p><strong>Rio Branco<\/strong> \u00e9 um munic\u00edpio brasileiro, capital do Estado do <a href=\"https:\/\/www.encontraacre.com.br\/\" target=\"_blank\" rel=\"noopener noreferrer\">Acre<\/a>, distando 3.123 quil\u00f4metros da capital <a href=\"https:\/\/www.encontradf.com.br\/\" target=\"_blank\" rel=\"noopener noreferrer\">Bras\u00edlia<\/a>. Localiza-se \u00e0s margens do Rio Acre, no Vale do Acre e na microrregi\u00e3o hom\u00f4nima.<br \/>\nPrincipal munic\u00edpio do Estado, de acordo com uma estimativa do IBGE (Instituto Brasileiro de Geografia e Estat\u00edstica), at\u00e9 agosto de 2012, a cidade possu\u00eda uma popula\u00e7\u00e3o de 348 354 habitantes, o qual a coloca como a sexta maior cidade da Regi\u00e3o Norte do Brasil, por\u00e9m com um crescente Potencial de Consumo. Sua \u00e1rea territorial \u00e9 de 9 222,58 km\u00b2, sendo o quinto munic\u00edpio do estado em tamanho territorial.<br \/>\nO povoamento da regi\u00e3o de <strong>Rio Branco<\/strong> se deu no in\u00edcio do s\u00e9culo XIX, com a chegada de nordestinos. O desenvolvimento do munic\u00edpio ocorreu durante um grande per\u00edodo dado pelo Ciclo da Borracha. Nesta \u00e9poca ocorreu ainda uma miscigena\u00e7\u00e3o da popula\u00e7\u00e3o, com tra\u00e7os do branco nordestino com \u00edndios Kulina\u00e3, sendo que houve tamb\u00e9m influ\u00eancia de povos vindos de outras regi\u00f5es do mundo, como turcos, portugueses, libaneses e outros.<\/p>\n\n<div style=\"font-size: 0px; height: 0px; line-height: 0px; margin: 0; padding: 0; clear: both;\"><\/div>","protected":false},"excerpt":{"rendered":"<p>Limites &#8211; Cidades Vizinhas A prefeitura de Rio Branco, diferente das demais prefeituras brasileiras, divide a cidade em 7 \u00e1reas urbanas, denominadas regionais. Cada regional possui peculiaridades, j\u00e1 que foram definidas com base em fatores socioecon\u00f4micos, comprendendo bairros e conjuntos com caracter\u00edsticas semelhantes. Elas s\u00e3o numeradas de I a VII, sendo que cinco delas se localizam no 1\u00ba distrito: II, III, IV, V, VI; e outras duas no 2\u00ba distrito: I, VII. As regionais s\u00e3o compostas por aproximadamente 110 bairros. Pontos Tur\u00edsticos Destaque Pal\u00e1cio Rio Branco \u00c9 um dos mais famosos\u00a0pal\u00e1cios\u00a0de Rio Branco, constru\u00eddo em\u00a01930\u00a0para abrigar a sede do\u00a0governo\u00a0do estado. <\/p>\n","protected":false},"author":1,"featured_media":0,"parent":0,"menu_order":0,"comment_status":"closed","ping_status":"closed","template":"","meta":{"footnotes":""},"class_list":["post-47","page","type-page","status-publish","hentry"],"aioseo_notices":[],"_links":{"self":[{"href":"https:\/\/www.encontrariobranco.com.br\/sobre\/wp-json\/wp\/v2\/pages\/47","targetHints":{"allow":["GET"]}}],"collection":[{"href":"https:\/\/www.encontrariobranco.com.br\/sobre\/wp-json\/wp\/v2\/pages"}],"about":[{"href":"https:\/\/www.encontrariobranco.com.br\/sobre\/wp-json\/wp\/v2\/types\/page"}],"author":[{"embeddable":true,"href":"https:\/\/www.encontrariobranco.com.br\/sobre\/wp-json\/wp\/v2\/users\/1"}],"replies":[{"embeddable":true,"href":"https:\/\/www.encontrariobranco.com.br\/sobre\/wp-json\/wp\/v2\/comments?post=47"}],"version-history":[{"count":15,"href":"https:\/\/www.encontrariobranco.com.br\/sobre\/wp-json\/wp\/v2\/pages\/47\/revisions"}],"predecessor-version":[{"id":458,"href":"https:\/\/www.encontrariobranco.com.br\/sobre\/wp-json\/wp\/v2\/pages\/47\/revisions\/458"}],"wp:attachment":[{"href":"https:\/\/www.encontrariobranco.com.br\/sobre\/wp-json\/wp\/v2\/media?parent=47"}],"curies":[{"name":"wp","href":"https:\/\/api.w.org\/{rel}","templated":true}]}}