{"id":161,"date":"2019-01-22T18:43:21","date_gmt":"2019-01-22T18:43:21","guid":{"rendered":"http:\/\/www.encontrariobranco.com.br\/sobre\/?page_id=161"},"modified":"2025-12-08T12:19:35","modified_gmt":"2025-12-08T12:19:35","slug":"prefeitura-de-rio-branco","status":"publish","type":"page","link":"https:\/\/www.encontrariobranco.com.br\/sobre\/prefeitura-de-rio-branco\/","title":{"rendered":"Prefeitura de Rio Branco"},"content":{"rendered":"<div class=\"66f3d795ee270a44b166899555c42efc\" data-index=\"1\" style=\"float: none; margin:0px;\">\n<!-- Anuncio display - global -->\r\n<ins class=\"adsbygoogle\"\r\n     style=\"display:block\"\r\n     data-ad-client=\"ca-pub-8585364105181520\"\r\n     data-ad-slot=\"8789329856\"\r\n     data-ad-format=\"auto\"\r\n     data-full-width-responsive=\"true\"><\/ins>\r\n<script>\r\n     (adsbygoogle = window.adsbygoogle || []).push({});\r\n<\/script>\n<\/div>\n<p>A <strong>Prefeitura de Rio Branco<\/strong>, diferente das demais prefeituras brasileiras, divide a cidade em 7 \u00e1reas urbanas, denominadas regionais.<\/p>\n<p>Cada regional possui peculiaridades, j\u00e1 que foram definidas com base em fatores socioecon\u00f4micos, compreendendo bairros e conjuntos com caracter\u00edsticas semelhantes.<\/p>\n<p><img loading=\"lazy\" decoding=\"async\" class=\"aligncenter wp-image-189 size-full\" title=\"Prefeitura de Rio Branco\" src=\"https:\/\/www.encontrariobranco.com.br\/sobre\/wp-content\/uploads\/2019\/01\/prefeitura-de-rio-branco.jpg\" alt=\"Prefeitura de Rio Branco\" width=\"680\" height=\"189\" srcset=\"https:\/\/www.encontrariobranco.com.br\/sobre\/wp-content\/uploads\/2019\/01\/prefeitura-de-rio-branco.jpg 680w, https:\/\/www.encontrariobranco.com.br\/sobre\/wp-content\/uploads\/2019\/01\/prefeitura-de-rio-branco-300x83.jpg 300w\" sizes=\"auto, (max-width: 680px) 100vw, 680px\" \/><\/p>\n<p>Elas s\u00e3o numeradas de I a VII, sendo que cinco delas se localizam no 1\u00ba distrito: II, III, IV, V, VI; e outras duas no 2\u00ba distrito: I, VII. As regionais s\u00e3o compostas por aproximadamente 110 bairros<\/p>\n<h2>Prefeitura de Rio Branco IPTU<\/h2>\n<p>O <em>Imposto sobre a Propriedade Predial e Territorial Urbana ou Imposto Predial e Territorial Urbano (IPTU)<\/em> \u00e9 um imposto Brasileiro, com previs\u00e3o na Constitui\u00e7\u00e3o Federal, de compet\u00eancia municipal e do Distrito Federal, cujos contribuintes s\u00e3o as pessoas f\u00edsicas ou jur\u00eddicas que mant\u00eam propriedade, o dom\u00ednio \u00fatil ou a posse de propriedade im\u00f3vel localizada em zona ou extens\u00e3o urbana. \u00c9 um tributo municipal, regulado por lei ordin\u00e1ria espec\u00edfica de cada Munic\u00edpio e por lei do Distrito Federal.<\/p>\n<p>Este imposto tem importante papel no or\u00e7amento municipal, figurando muitas vezes como principal fonte de receita dos munic\u00edpios, juntamente com o Imposto Sobre Servi\u00e7os de Qualquer Natureza.<\/p>\n<h3>Prefeitura de Rio Branco NFE<\/h3>\n<p>A Nota Fiscal de Servi\u00e7o Eletr\u00f4nica \u00e9 um documento exclusivamente digital, emitido e armazenado eletronicamente (via internet) e serve para registrar e documentar uma opera\u00e7\u00e3o de presta\u00e7\u00e3o de servi\u00e7o.<\/p>\n<h3>Prefeitura de Rio Branco Licita\u00e7\u00f5es<\/h3>\n<p><span style=\"text-decoration: underline;\">Licita\u00e7\u00e3<\/span>o \u00e9 o procedimento administrativo formal regra que se estabelece de forma pr\u00e9via \u00e0s contrata\u00e7\u00f5es de servi\u00e7os, aquisi\u00e7\u00f5es de produtos, ou at\u00e9 mesmo para registrar pre\u00e7os para contrata\u00e7\u00f5es futuras pelos entes da Administra\u00e7\u00e3o P\u00fablica direta ou indireta,que tamb\u00e9m pode ser considerada como pr\u00e9-contrato,que tem como objetivo principal a obten\u00e7\u00e3o das propostas mais vantajosas e justas.<\/p>\n<p>No Brasil, para <span style=\"text-decoration: underline;\">licita\u00e7\u00f5es<\/span> por entidades que fa\u00e7am uso da verba p\u00fablica mais conhecida como Compras Governamentais ou compras p\u00fablicas, seguem as Leis 8.666\/93 de normas gerais de licita\u00e7\u00f5es e contratos, Lei 10.520\/02 tamb\u00e9m conhecida como preg\u00e3o, destinada a bens e servi\u00e7os comuns. H\u00e1, ainda, outras legisla\u00e7\u00f5es complementares que tamb\u00e9m regulam os certames, como a Lei 12.462\/2011 &#8211; Regime Diferenciado de contrata\u00e7\u00f5es P\u00fablicas e o decreto 5.450\/2005 &#8211; Forma de Preg\u00e3o Eletr\u00f4nico.<\/p>\n<h3>Hor\u00e1rio de Funcionamento Prefeitura de Rio Branco<\/h3>\n<ul>\n<li>Segunda a sexta das 8h \u00e1s 17h<\/li>\n<\/ul>\n<h3>Onde Fica, Endere\u00e7o e Telefone Prefeitura de Rio Branco<\/h3>\n<ul>\n<li>R. Rui Barbosa, 285 &#8211; Centro &#8211; Rio Branco &#8211; AC<\/li>\n<li>Telefone: (68) 3212-7040<\/li>\n<\/ul>\n<h4>Outras informa\u00e7\u00f5es Site e CNPJ<\/h4>\n<ul>\n<li>Mais informa\u00e7\u00f5es: <a href=\"http:\/\/www.riobranco.ac.gov.br\/\" target=\"_blank\" rel=\"noopener noreferrer\">www.riobranco.ac.gov.br<\/a><\/li>\n<li>Informativo sobre a prefeitura: <a href=\"https:\/\/rio-branco.prefeituras.org\/\" target=\"_blank\" rel=\"noopener noreferrer\">rio-branco.prefeituras.org<\/a><\/li>\n<li>CNPJ: 04.034.583\/0001-22<\/li>\n<\/ul>\n<h4>Mapa de localiza\u00e7\u00e3o<\/h4>\n<a class=\"wp-colorbox-iframe\" href=\"https:\/\/www.google.com\/maps\/embed?pb=!1m14!1m8!1m3!1d15718.15144408139!2d-67.8101358!3d-9.9723535!3m2!1i1024!2i768!4f13.1!3m3!1m2!1s0x00xe526df4935fa8aba!2sPrefeitura+Municipal+de+Rio+Branco!5e0!3m2!1spt-BR!2sbr!4v1548161473993\"><img decoding=\"async\" src=\"http:\/\/www.encontrariobranco.com.br\/imgs\/maps-post.png\"><\/a>\n\n<div style=\"font-size: 0px; height: 0px; line-height: 0px; margin: 0; padding: 0; clear: both;\"><\/div>","protected":false},"excerpt":{"rendered":"<p>A Prefeitura de Rio Branco, diferente das demais prefeituras brasileiras, divide a cidade em 7 \u00e1reas urbanas, denominadas regionais. Cada regional possui peculiaridades, j\u00e1 que foram definidas com base em fatores socioecon\u00f4micos, compreendendo bairros e conjuntos com caracter\u00edsticas semelhantes. Elas s\u00e3o numeradas de I a VII, sendo que cinco delas se localizam no 1\u00ba distrito: II, III, IV, V, VI; e outras duas no 2\u00ba distrito: I, VII. As regionais s\u00e3o compostas por aproximadamente 110 bairros Prefeitura de Rio Branco IPTU O Imposto sobre a Propriedade Predial e Territorial Urbana ou Imposto Predial e Territorial Urbano (IPTU) \u00e9 um imposto <\/p>\n","protected":false},"author":1,"featured_media":189,"parent":0,"menu_order":0,"comment_status":"closed","ping_status":"closed","template":"","meta":{"footnotes":""},"class_list":["post-161","page","type-page","status-publish","has-post-thumbnail","hentry","has_thumb"],"aioseo_notices":[],"_links":{"self":[{"href":"https:\/\/www.encontrariobranco.com.br\/sobre\/wp-json\/wp\/v2\/pages\/161","targetHints":{"allow":["GET"]}}],"collection":[{"href":"https:\/\/www.encontrariobranco.com.br\/sobre\/wp-json\/wp\/v2\/pages"}],"about":[{"href":"https:\/\/www.encontrariobranco.com.br\/sobre\/wp-json\/wp\/v2\/types\/page"}],"author":[{"embeddable":true,"href":"https:\/\/www.encontrariobranco.com.br\/sobre\/wp-json\/wp\/v2\/users\/1"}],"replies":[{"embeddable":true,"href":"https:\/\/www.encontrariobranco.com.br\/sobre\/wp-json\/wp\/v2\/comments?post=161"}],"version-history":[{"count":8,"href":"https:\/\/www.encontrariobranco.com.br\/sobre\/wp-json\/wp\/v2\/pages\/161\/revisions"}],"predecessor-version":[{"id":457,"href":"https:\/\/www.encontrariobranco.com.br\/sobre\/wp-json\/wp\/v2\/pages\/161\/revisions\/457"}],"wp:featuredmedia":[{"embeddable":true,"href":"https:\/\/www.encontrariobranco.com.br\/sobre\/wp-json\/wp\/v2\/media\/189"}],"wp:attachment":[{"href":"https:\/\/www.encontrariobranco.com.br\/sobre\/wp-json\/wp\/v2\/media?parent=161"}],"curies":[{"name":"wp","href":"https:\/\/api.w.org\/{rel}","templated":true}]}}